{"id":6359,"date":"2018-10-21T10:25:15","date_gmt":"2018-10-21T08:25:15","guid":{"rendered":"https:\/\/www.interculture-web.com\/?page_id=6359"},"modified":"2018-10-21T14:07:38","modified_gmt":"2018-10-21T12:07:38","slug":"impressum","status":"publish","type":"page","link":"https:\/\/www.interculture-web.com\/it\/impressum\/","title":{"rendered":"Note legali"},"content":{"rendered":"<div class=\"wpb-content-wrapper\"><div id=\"tm-row-69e7368ca384b\" data-vc-full-width=\"true\" data-vc-full-width-init=\"false\" data-vc-stretch-content=\"true\" class=\"vc_row vc_row-outer vc_row-fluid vc_row-no-padding\"><div id=\"tm-column-69e7368ca7ca6\" class=\"wpb_column vc_column_container vc_col-sm-12\"><div class=\"vc_column-inner\"><div class=\"wpb_wrapper\"><div class=\"tm-grid-wrapper tm-info-boxes  style-metro\" id=\"tm-info-boxes-69e7368ca80de\"\n\t\t\tdata-type=\"masonry\"\n\t\n\t\t\tdata-grid-ratio=\"1:1\"\n\t\n\t\t\t data-xs-columns=\"1\" data-sm-columns=\"2\" data-md-columns=\"3\" data-lg-columns=\"4\"\t\n\t\t\tdata-gutter=\"0\"\n\t>\n\t<div class=\"tm-grid\">\n\n\t\t\t\t\t<div class=\"grid-sizer\"><\/div>\n\t\t\n\t\t\t\t\t\t\t\t\t<div class=\"grid-item has-image skin-primary\"\n\t\t\t\t\t\t\t\t\t\t\tdata-width=\"2\"\n\t\t\t\t\t\t\t\t\t\t\t\t\t\t\t\t\t\t\t\t\tstyle=\"background-image: url( https:\/\/www.interculture-web.com\/wp-content\/uploads\/2018\/09\/monaco-di-baviera-interculture.jpg )\"\n\t\t\t\t\t\t\t\t\t>\n\t\t\t\t\t<div class=\"box-content\">\n\t\t\t\t\t\t<div class=\"box-content-inner\">\n\t\t\t\t\t\t\t<div class=\"box-info\">\n\t\t\t\t\t\t\t\t\t\t\t\t\t\t\t\t\n\t\t\t\t\t\t\t\t\t\t\t\t\t\t\t<\/div>\n\t\t\t\t\t\t<\/div>\n\t\t\t\t\t<\/div>\n\t\t\t\t<\/div>\n\t\t\t\t\t\t\t\t\t\t\t\t<div class=\"grid-item skin-primary\"\n\t\t\t\t\t\t\t\t\t\t\t\t\t\t\t\t\t\t\t>\n\t\t\t\t\t<div class=\"box-content\">\n\t\t\t\t\t\t<div class=\"box-content-inner\">\n\t\t\t\t\t\t\t<div class=\"box-info\">\n\t\t\t\t\t\t\t\t\t\t\t\t\t\t\t\t\t<h6 class=\"box-title\">Note legali<\/h6>\n\t\t\t\t\t\t\t\t\t\t\t\t\t\t\t\t\t\t\t\t\t\t\t\t\t<div class=\"box-text\">Federica Vicario Interculture | Birketweg 53 | 80639 Monaco di Baviera | Tel. +49 162 892 17 21 | federica.vicario@interculture-web.com  | Ust-IdNr.: DE264427110<\/div>\n\t\t\t\t\t\t\t\t\n\t\t\t\t\t\t\t\t\t\t\t\t\t\t\t<\/div>\n\t\t\t\t\t\t<\/div>\n\t\t\t\t\t<\/div>\n\t\t\t\t<\/div>\n\t\t\t\t\t\t\t\t\t\t\t\t<div class=\"grid-item has-image skin-primary\"\n\t\t\t\t\t\t\t\t\t\t\t\t\t\t\t\t\t\t\t\t\tstyle=\"background-image: url( https:\/\/www.interculture-web.com\/wp-content\/uploads\/2018\/09\/monaco-di-baviera-arco.jpg )\"\n\t\t\t\t\t\t\t\t\t>\n\t\t\t\t\t<div class=\"box-content\">\n\t\t\t\t\t\t<div class=\"box-content-inner\">\n\t\t\t\t\t\t\t<div class=\"box-info\">\n\t\t\t\t\t\t\t\t\t\t\t\t\t\t\t\t\n\t\t\t\t\t\t\t\t\t\t\t\t\t\t\t<\/div>\n\t\t\t\t\t\t<\/div>\n\t\t\t\t\t<\/div>\n\t\t\t\t<\/div>\n\t\t\t\t\t\t\t\t\t\t\t\t<div class=\"grid-item has-image skin-primary\"\n\t\t\t\t\t\t\t\t\t\t\t\t\t\t\t\t\t\t\t\t\tstyle=\"background-image: url( https:\/\/www.interculture-web.com\/wp-content\/uploads\/2018\/09\/german-interculture.jpg )\"\n\t\t\t\t\t\t\t\t\t>\n\t\t\t\t\t<div class=\"box-content\">\n\t\t\t\t\t\t<div class=\"box-content-inner\">\n\t\t\t\t\t\t\t<div class=\"box-info\">\n\t\t\t\t\t\t\t\t\t\t\t\t\t\t\t\t\n\t\t\t\t\t\t\t\t\t\t\t\t\t\t\t<\/div>\n\t\t\t\t\t\t<\/div>\n\t\t\t\t\t<\/div>\n\t\t\t\t<\/div>\n\t\t\t\t\t\t\t\t\t\t\t\t<div class=\"grid-item skin-secondary\"\n\t\t\t\t\t\t\t\t\t\t\t\t\t\t\t\t\t\t\t>\n\t\t\t\t\t<div class=\"box-content\">\n\t\t\t\t\t\t<div class=\"box-content-inner\">\n\t\t\t\t\t\t\t<div class=\"box-info\">\n\t\t\t\t\t\t\t\t\t\t\t\t\t\t\t\t\t<h6 class=\"box-title\">Disclaimer<\/h6>\n\t\t\t\t\t\t\t\t\t\t\t\t\t\t\t\t\t\t\t\t\t\t\t\t\t<div class=\"box-text\">Nonostante un attento controllo, non ci assumiamo alcuna responsabilit\u00e0 per i contenuti dei link esterni. I contenuti dei siti web a cui si fa riferimento da questo sito web sono di esclusiva responsabilit\u00e0 dei rispettivi gestori.<\/div>\n\t\t\t\t\t\t\t\t\n\t\t\t\t\t\t\t\t\t\t\t\t\t\t\t<\/div>\n\t\t\t\t\t\t<\/div>\n\t\t\t\t\t<\/div>\n\t\t\t\t<\/div>\n\t\t\t\t\t\t\t\t\t\t\t\t<div class=\"grid-item has-image skin-primary\"\n\t\t\t\t\t\t\t\t\t\t\tdata-width=\"2\"\n\t\t\t\t\t\t\t\t\t\t\t\t\t\t\t\t\t\t\t\t\tstyle=\"background-image: url( https:\/\/www.interculture-web.com\/wp-content\/uploads\/2018\/09\/lago-orta-interculture.jpg )\"\n\t\t\t\t\t\t\t\t\t>\n\t\t\t\t\t<div class=\"box-content\">\n\t\t\t\t\t\t<div class=\"box-content-inner\">\n\t\t\t\t\t\t\t<div class=\"box-info\">\n\t\t\t\t\t\t\t\t\t\t\t\t\t\t\t\t\n\t\t\t\t\t\t\t\t\t\t\t\t\t\t\t<\/div>\n\t\t\t\t\t\t<\/div>\n\t\t\t\t\t<\/div>\n\t\t\t\t<\/div>\n\t\t\t\t\t\t\t\t\t\t\t<\/div>\n<\/div>\n<\/div><\/div><\/div><\/div><div class=\"vc_row-full-width vc_clearfix\"><\/div>\n<\/div>","protected":false},"excerpt":{"rendered":"Impressum Federica Vicario Interculture | Birketweg 53 | 80639 Monaco di Baviera | Tel. +49 162 892 17 21 | federica.vicario@interculture-web.com | Ust-IdNr.: DE264427110 Disclaimer Trotz sorgf\u00e4ltiger Pr\u00fcfung k\u00f6nnen wir keine Haftung f\u00fcr die Inhalte externer Links \u00fcbernehmen. Die Inhalte der Webauftritte, auf die von dieser Webseite verwiesen wird, unterliegen ausschlie\u00dflich der Haftung der jeweiligen Betreiber.","protected":false},"author":1,"featured_media":0,"parent":0,"menu_order":0,"comment_status":"closed","ping_status":"closed","template":"","meta":{"footnotes":""},"class_list":["post-6359","page","type-page","status-publish","hentry"],"yoast_head":"<!-- This site is optimized with the Yoast SEO plugin v27.4 - https:\/\/yoast.com\/product\/yoast-seo-wordpress\/ -->\n<title>Impressum - Interculture<\/title>\n<meta name=\"robots\" content=\"index, follow, max-snippet:-1, max-image-preview:large, max-video-preview:-1\" \/>\n<link rel=\"canonical\" href=\"https:\/\/www.interculture-web.com\/it\/impressum\/\" \/>\n<meta property=\"og:locale\" content=\"it_IT\" \/>\n<meta property=\"og:type\" content=\"article\" \/>\n<meta property=\"og:title\" content=\"Impressum - Interculture\" \/>\n<meta property=\"og:url\" content=\"https:\/\/www.interculture-web.com\/it\/impressum\/\" \/>\n<meta property=\"og:site_name\" content=\"Interculture\" \/>\n<meta property=\"article:modified_time\" content=\"2018-10-21T12:07:38+00:00\" \/>\n<meta name=\"twitter:card\" content=\"summary_large_image\" \/>\n<meta name=\"twitter:label1\" content=\"Tempo di lettura stimato\" \/>\n\t<meta name=\"twitter:data1\" content=\"1 minuto\" \/>\n<script type=\"application\/ld+json\" class=\"yoast-schema-graph\">{\"@context\":\"https:\\\/\\\/schema.org\",\"@graph\":[{\"@type\":\"WebPage\",\"@id\":\"https:\\\/\\\/www.interculture-web.com\\\/impressum\\\/\",\"url\":\"https:\\\/\\\/www.interculture-web.com\\\/impressum\\\/\",\"name\":\"Impressum - Interculture\",\"isPartOf\":{\"@id\":\"https:\\\/\\\/www.interculture-web.com\\\/#website\"},\"datePublished\":\"2018-10-21T08:25:15+00:00\",\"dateModified\":\"2018-10-21T12:07:38+00:00\",\"breadcrumb\":{\"@id\":\"https:\\\/\\\/www.interculture-web.com\\\/impressum\\\/#breadcrumb\"},\"inLanguage\":\"it-IT\",\"potentialAction\":[{\"@type\":\"ReadAction\",\"target\":[\"https:\\\/\\\/www.interculture-web.com\\\/impressum\\\/\"]}]},{\"@type\":\"BreadcrumbList\",\"@id\":\"https:\\\/\\\/www.interculture-web.com\\\/impressum\\\/#breadcrumb\",\"itemListElement\":[{\"@type\":\"ListItem\",\"position\":1,\"name\":\"Home\",\"item\":\"https:\\\/\\\/www.interculture-web.com\\\/\"},{\"@type\":\"ListItem\",\"position\":2,\"name\":\"Impressum\"}]},{\"@type\":\"WebSite\",\"@id\":\"https:\\\/\\\/www.interculture-web.com\\\/#website\",\"url\":\"https:\\\/\\\/www.interculture-web.com\\\/\",\"name\":\"Interculture\",\"description\":\"German precision. Italian spirit.\",\"publisher\":{\"@id\":\"https:\\\/\\\/www.interculture-web.com\\\/#organization\"},\"potentialAction\":[{\"@type\":\"SearchAction\",\"target\":{\"@type\":\"EntryPoint\",\"urlTemplate\":\"https:\\\/\\\/www.interculture-web.com\\\/?s={search_term_string}\"},\"query-input\":{\"@type\":\"PropertyValueSpecification\",\"valueRequired\":true,\"valueName\":\"search_term_string\"}}],\"inLanguage\":\"it-IT\"},{\"@type\":\"Organization\",\"@id\":\"https:\\\/\\\/www.interculture-web.com\\\/#organization\",\"name\":\"Interculture\",\"url\":\"https:\\\/\\\/www.interculture-web.com\\\/\",\"logo\":{\"@type\":\"ImageObject\",\"inLanguage\":\"it-IT\",\"@id\":\"https:\\\/\\\/www.interculture-web.com\\\/#\\\/schema\\\/logo\\\/image\\\/\",\"url\":\"https:\\\/\\\/www.interculture-web.com\\\/wp-content\\\/uploads\\\/2017\\\/09\\\/interculture-logo.jpg\",\"contentUrl\":\"https:\\\/\\\/www.interculture-web.com\\\/wp-content\\\/uploads\\\/2017\\\/09\\\/interculture-logo.jpg\",\"width\":350,\"height\":109,\"caption\":\"Interculture\"},\"image\":{\"@id\":\"https:\\\/\\\/www.interculture-web.com\\\/#\\\/schema\\\/logo\\\/image\\\/\"},\"sameAs\":[\"https:\\\/\\\/www.linkedin.com\\\/in\\\/federica-vicario-44905a167\\\/\"]}]}<\/script>\n<!-- \/ Yoast SEO plugin. -->","yoast_head_json":{"title":"Impressum - Interculture","robots":{"index":"index","follow":"follow","max-snippet":"max-snippet:-1","max-image-preview":"max-image-preview:large","max-video-preview":"max-video-preview:-1"},"canonical":"https:\/\/www.interculture-web.com\/it\/impressum\/","og_locale":"it_IT","og_type":"article","og_title":"Impressum - Interculture","og_url":"https:\/\/www.interculture-web.com\/it\/impressum\/","og_site_name":"Interculture","article_modified_time":"2018-10-21T12:07:38+00:00","twitter_card":"summary_large_image","twitter_misc":{"Tempo di lettura stimato":"1 minuto"},"schema":{"@context":"https:\/\/schema.org","@graph":[{"@type":"WebPage","@id":"https:\/\/www.interculture-web.com\/impressum\/","url":"https:\/\/www.interculture-web.com\/impressum\/","name":"Impressum - Interculture","isPartOf":{"@id":"https:\/\/www.interculture-web.com\/#website"},"datePublished":"2018-10-21T08:25:15+00:00","dateModified":"2018-10-21T12:07:38+00:00","breadcrumb":{"@id":"https:\/\/www.interculture-web.com\/impressum\/#breadcrumb"},"inLanguage":"it-IT","potentialAction":[{"@type":"ReadAction","target":["https:\/\/www.interculture-web.com\/impressum\/"]}]},{"@type":"BreadcrumbList","@id":"https:\/\/www.interculture-web.com\/impressum\/#breadcrumb","itemListElement":[{"@type":"ListItem","position":1,"name":"Home","item":"https:\/\/www.interculture-web.com\/"},{"@type":"ListItem","position":2,"name":"Impressum"}]},{"@type":"WebSite","@id":"https:\/\/www.interculture-web.com\/#website","url":"https:\/\/www.interculture-web.com\/","name":"Interculture","description":"German precision. Italian spirit.","publisher":{"@id":"https:\/\/www.interculture-web.com\/#organization"},"potentialAction":[{"@type":"SearchAction","target":{"@type":"EntryPoint","urlTemplate":"https:\/\/www.interculture-web.com\/?s={search_term_string}"},"query-input":{"@type":"PropertyValueSpecification","valueRequired":true,"valueName":"search_term_string"}}],"inLanguage":"it-IT"},{"@type":"Organization","@id":"https:\/\/www.interculture-web.com\/#organization","name":"Interculture","url":"https:\/\/www.interculture-web.com\/","logo":{"@type":"ImageObject","inLanguage":"it-IT","@id":"https:\/\/www.interculture-web.com\/#\/schema\/logo\/image\/","url":"https:\/\/www.interculture-web.com\/wp-content\/uploads\/2017\/09\/interculture-logo.jpg","contentUrl":"https:\/\/www.interculture-web.com\/wp-content\/uploads\/2017\/09\/interculture-logo.jpg","width":350,"height":109,"caption":"Interculture"},"image":{"@id":"https:\/\/www.interculture-web.com\/#\/schema\/logo\/image\/"},"sameAs":["https:\/\/www.linkedin.com\/in\/federica-vicario-44905a167\/"]}]}},"_links":{"self":[{"href":"https:\/\/www.interculture-web.com\/it\/wp-json\/wp\/v2\/pages\/6359","targetHints":{"allow":["GET"]}}],"collection":[{"href":"https:\/\/www.interculture-web.com\/it\/wp-json\/wp\/v2\/pages"}],"about":[{"href":"https:\/\/www.interculture-web.com\/it\/wp-json\/wp\/v2\/types\/page"}],"author":[{"embeddable":true,"href":"https:\/\/www.interculture-web.com\/it\/wp-json\/wp\/v2\/users\/1"}],"replies":[{"embeddable":true,"href":"https:\/\/www.interculture-web.com\/it\/wp-json\/wp\/v2\/comments?post=6359"}],"version-history":[{"count":24,"href":"https:\/\/www.interculture-web.com\/it\/wp-json\/wp\/v2\/pages\/6359\/revisions"}],"predecessor-version":[{"id":7043,"href":"https:\/\/www.interculture-web.com\/it\/wp-json\/wp\/v2\/pages\/6359\/revisions\/7043"}],"wp:attachment":[{"href":"https:\/\/www.interculture-web.com\/it\/wp-json\/wp\/v2\/media?parent=6359"}],"curies":[{"name":"wp","href":"https:\/\/api.w.org\/{rel}","templated":true}]}}