{"id":5090,"date":"2018-09-20T08:30:52","date_gmt":"2018-09-20T06:30:52","guid":{"rendered":"http:\/\/moody.local\/?page_id=5090"},"modified":"2018-11-22T15:30:26","modified_gmt":"2018-11-22T14:30:26","slug":"left-menu","status":"publish","type":"page","link":"https:\/\/www.interculture-web.com\/it\/","title":{"rendered":"Home"},"content":{"rendered":"<div class=\"wpb-content-wrapper\"><section data-vc-full-width=\"true\" data-vc-full-width-temp=\"true\" data-vc-full-width-init=\"false\" class=\"vc_section vc_custom_1502252587085 vc_section-has-fill\"><div id=\"tm-row-69e733a085eef\" data-vc-full-width=\"true\" data-vc-full-width-init=\"false\" data-vc-stretch-content=\"true\" class=\"vc_row vc_row-outer vc_row-fluid vc_row-no-padding vc_row-o-content-middle vc_row-flex\"><div id=\"tm-column-69e733a0865a7\" class=\"wpb_column vc_column_container vc_col-sm-12\"><div class=\"vc_column-inner \"><div class=\"wpb_wrapper\">\n\t\t\t<!-- START Interculture 01 REVOLUTION SLIDER 6.7.38 --><p class=\"rs-p-wp-fix\"><\/p>\n\t\t\t<rs-module-wrap id=\"rev_slider_8_1_wrapper\" data-source=\"gallery\" style=\"visibility:hidden;background:transparent;padding:0;margin:0px auto;margin-top:0;margin-bottom:0;\">\n\t\t\t\t<rs-module id=\"rev_slider_8_1\" style=\"\" data-version=\"6.7.38\">\n\t\t\t\t\t<rs-slides style=\"overflow: hidden; position: absolute;\">\n\t\t\t\t\t\t<rs-slide style=\"position: absolute;\" data-key=\"rs-23\" data-title=\"Slide\" data-anim=\"adpr:false;\">\n\t\t\t\t\t\t\t<img decoding=\"async\" src=\"\/\/www.interculture-web.com\/wp-content\/plugins\/revslider\/sr6\/assets\/assets\/dummy.png\" alt=\"\" title=\"Home\" class=\"rev-slidebg tp-rs-img rs-lazyload\" data-lazyload=\"\/\/www.interculture-web.com\/wp-content\/uploads\/2017\/09\/vicario-interculture-web.jpg\" data-no-retina>\n<!--\n\t\t\t\t\t\t\t--><rs-layer\n\t\t\t\t\t\t\t\tid=\"slider-8-slide-23-layer-3\" \n\t\t\t\t\t\t\t\tdata-type=\"text\"\n\t\t\t\t\t\t\t\tdata-color=\"#00a8e2\"\n\t\t\t\t\t\t\t\tdata-rsp_ch=\"on\"\n\t\t\t\t\t\t\t\tdata-xy=\"x:1255px;y:c;yo:-232px;\"\n\t\t\t\t\t\t\t\tdata-text=\"w:normal;s:96;l:99;fw:600;a:right;\"\n\t\t\t\t\t\t\t\tdata-dim=\"w:450px;\"\n\t\t\t\t\t\t\t\tdata-frame_0=\"x:-200px;skX:85px;tp:600;\"\n\t\t\t\t\t\t\t\tdata-frame_1=\"tp:600;e:power4.inOut;st:1020;sp:1000;sR:1020;\"\n\t\t\t\t\t\t\t\tdata-frame_999=\"o:0;tp:600;e:nothing;st:w;sR:6980;\"\n\t\t\t\t\t\t\t\tstyle=\"z-index:5;font-family:'famiglia font';\"\n\t\t\t\t\t\t\t>Interculture \n\t\t\t\t\t\t\t<\/rs-layer><!--\n\n\t\t\t\t\t\t\t--><rs-layer\n\t\t\t\t\t\t\t\tid=\"slider-8-slide-23-layer-23\" \n\t\t\t\t\t\t\t\tdata-type=\"text\"\n\t\t\t\t\t\t\t\tdata-color=\"#414141\"\n\t\t\t\t\t\t\t\tdata-rsp_ch=\"on\"\n\t\t\t\t\t\t\t\tdata-xy=\"x:1259px;y:c;yo:-164px;\"\n\t\t\t\t\t\t\t\tdata-text=\"s:24;l:22;fw:600;a:inherit;\"\n\t\t\t\t\t\t\t\tdata-frame_0=\"y:50px;tp:600;\"\n\t\t\t\t\t\t\t\tdata-frame_1=\"tp:600;e:power4.inOut;st:1870;sp:1000;sR:1870;\"\n\t\t\t\t\t\t\t\tdata-frame_999=\"o:0;tp:600;e:nothing;st:w;sR:6130;\"\n\t\t\t\t\t\t\t\tstyle=\"z-index:6;font-family:'famiglia font';\"\n\t\t\t\t\t\t\t>GERMAN PRECISION. ITALIAN SPIRIT. \n\t\t\t\t\t\t\t<\/rs-layer><!--\n-->\t\t\t\t\t<\/rs-slide>\n\t\t\t\t\t<\/rs-slides>\n\t\t\t\t<\/rs-module>\n\t\t\t\t<script>\n\t\t\t\t\tsetREVStartSize({c: 'rev_slider_8_1',rl:[1240,1024,768,480],el:[],gw:[1920],gh:[800],type:'standard',justify:'',layout:'fullwidth',mh:\"0\"});if (window.RS_MODULES!==undefined && window.RS_MODULES.modules!==undefined && window.RS_MODULES.modules[\"revslider81\"]!==undefined) {window.RS_MODULES.modules[\"revslider81\"].once = false;window.revapi8 = undefined;if (window.RS_MODULES.checkMinimal!==undefined) window.RS_MODULES.checkMinimal()}\n\t\t\t\t<\/script>\n\t\t\t<\/rs-module-wrap>\n\t\t\t<!-- END REVOLUTION SLIDER -->\n<\/div><\/div><\/div><\/div><div class=\"vc_row-full-width vc_clearfix\"><\/div><div id=\"tm-row-69e733a095627\" data-vc-full-width=\"true\" data-vc-full-width-init=\"false\" class=\"vc_row vc_row-outer vc_row-fluid\"><div id=\"tm-column-69e733a0958ce\" class=\"wpb_column vc_column_container vc_col-sm-2\"><div class=\"vc_column-inner \"><div class=\"wpb_wrapper\"><\/div><\/div><\/div><div id=\"tm-column-69e733a0959d8\" class=\"wpb_column vc_column_container vc_col-sm-10\"><div class=\"vc_column-inner \"><div class=\"wpb_wrapper\">\n<div class=\"tm-heading vc_custom_1540117921979 left typed-text-2 tm-animation move-down\" id=\"tm-heading-69e733a095c64\">\n\t<h3 class=\"heading\" style=\"color: #a8a8a8;\"> \u00dcbersetzung ist nicht nur eine Frage der Worte: es geht darum, eine ganze Kultur verst\u00e4ndlich zu machen<\/h3><\/div>\n\n\t\t<script type=\"text\/javascript\">\n\t\tjQuery( 'document' ).ready( function( $ ) {\n\t\t\tvar id = '#tm-heading-69e733a095c64';\n\t\t\tvar string = '[]';\n\t\t\tstring = JSON.parse( string );\n\t\t\tvar text = $( id + ' mark' ).text();\n\t\t\tif ( text !== '' ) {\n\t\t\t\tstring.unshift( text );\n\t\t\t}\n\t\t\tTyped.new( id + ' mark', {\n\t\t\t\tstrings: string,\n\t\t\t\tloop: true,\n\t\t\t\ttypeSpeed: 50,\n\t\t\t\tbackDelay: 1500\n\t\t\t} );\n\t\t} );\n\t<\/script>\n\n<div class=\"tm-heading vc_custom_1540117951844 left  tm-animation move-down\" id=\"tm-heading-69e733a097ee7\">\n\t<div class=\"heading\" style=\"color: #222222;\"> Zitat Anthony Burgess<\/div><\/div>\n\n<\/div><\/div><\/div><\/div><div class=\"vc_row-full-width vc_clearfix\"><\/div><div id=\"tm-row-69e733a098463\" data-vc-full-width=\"true\" data-vc-full-width-init=\"false\" class=\"vc_row vc_row-outer vc_row-fluid\"><div id=\"tm-column-69e733a0986e0\" class=\"wpb_column vc_column_container vc_col-sm-12 vc_col-lg-offset-0 vc_col-md-6\"><div class=\"vc_column-inner \"><div class=\"wpb_wrapper\">\n\t<div class=\"wpb_single_image wpb_content_element vc_align_left  vc_tablet_align_center vc_mobile_align_center\">\n\t\t\n\t\t<figure class=\"wpb_wrapper vc_figure\">\n\t\t\t<div class=\"vc_single_image-wrapper   vc_box_border_grey\"><img decoding=\"async\" class=\"vc_single_image-img \" src=\"https:\/\/www.interculture-web.com\/wp-content\/uploads\/2018\/09\/federica-interculture-foto-profilo-750x900.jpg\" width=\"750\" height=\"900\" alt=\"federica-interculture-foto-profilo\" title=\"federica-interculture-foto-profilo\" loading=\"lazy\" \/><\/div>\n\t\t<\/figure>\n\t<\/div>\n<\/div><\/div><\/div><div id=\"tm-column-69e733a0aa556\" class=\"wpb_column vc_column_container vc_col-sm-12 vc_col-lg-offset-0 vc_col-lg-6 vc_col-md-offset-1 vc_col-md-2\/5\"><div class=\"vc_column-inner \"><div class=\"wpb_wrapper\">\n<div class=\"tm-heading left  tm-animation move-left\" id=\"tm-heading-69e733a0aa90c\">\n\t<h3 class=\"heading\" style=\"\"> Federica Vicario<\/h3><\/div>\n\n<div class=\"tm-spacer\" id=\"tm-spacer-69e733a0aadd2\"><\/div>\n\n\t<div class=\"wpb_text_column wpb_content_element grey\" >\n\t\t<div class=\"wpb_wrapper\">\n\t\t\t<p>Interculture r\u00fchrt von meiner Leidenschaft f\u00fcr Fremdsprachen und unterschiedliche Kulturen her. Geboren in einer kleinen Stadt im Piemont zwischen dem Lago Maggiore und dem Orta-See, tr\u00e4umte ich schon als Kind davon, Fremdsprachen sprechen zu k\u00f6nnen und die Alpen zu \u00fcberqueren, um neue L\u00e4nder kennenzulernen.<\/p>\n<p>Als ich das sprachliche Gymnasium besuchte, verliebte ich mich in die deutsche Sprache sowie in das Land und in seine Kultur. Nach zahlreichen Studienaufenthalten in Deutschland, zog ich 2008 nach M\u00fcnchen, wo ich aktuell mit meiner deutsch-italienischen Familie lebe und als freiberufliche Dolmetscherin und \u00dcbersetzerin t\u00e4tig bin.<\/p>\n<p>Ich \u00fcbe meine T\u00e4tigkeit mit gro\u00dfer Leidenschaft aus und bin davon \u00fcberzeugt, dass das Erfolgsgeheimnis in diesem Beruf die Vermittlung zwischen zwei Kulturen und nicht nur zwischen zwei Sprachen ist.<\/p>\n\n\t\t<\/div>\n\t<\/div>\n<\/div><\/div><\/div><\/div><div class=\"vc_row-full-width vc_clearfix\"><\/div><\/section><div class=\"vc_row-full-width vc_clearfix\"><\/div><div id=\"tm-row-69e733a0ab42d\" data-vc-full-width=\"true\" data-vc-full-width-init=\"false\" data-vc-stretch-content=\"true\" class=\"vc_row vc_row-outer vc_row-fluid vc_row-no-padding\"><div id=\"tm-column-69e733a0ab770\" class=\"wpb_column vc_column_container vc_col-sm-12\"><div class=\"vc_column-inner \"><div class=\"wpb_wrapper\">\t<div class=\"tm-slider tm-swiper\" id=\"tm-slider-69e733a0aba28\"\n\t\t data-xs-items=\"1\" data-sm-items=\"1\" data-md-items=\"1\" data-lg-items=\"1\"\t\t\t\t\tdata-lg-gutter=\"30\"\n\t\t\t\t\t\t\t\t\t\t\t>\n\t\t<div class=\"swiper-container\">\n\t\t\t<div class=\"swiper-wrapper\">\n\t\t\t\t\t\t\t\t\t<div class=\"swiper-slide\">\n\t\t\t\t\t\t<div>\n\t\t\t\t\t\t\t\t\t\t\t\t\t\t\t\t\t\t\t\t\t\t<div class=\"image\">\n\t\t\t\t\t\t\t\t\t<img decoding=\"async\" src=\"https:\/\/www.interculture-web.com\/wp-content\/uploads\/2018\/09\/orta-san-giulio-interculture.jpg\" alt=\"orta-san-giulio-interculture\" \/>\t\t\t\t\t\t\t\t<\/div>\n\t\t\t\t\t\t\t\t\t\t\t\t\t\t\t\t\t\t\t\t\t\t\t\t\t\t\t\t\t\t\t\t\t\t\t\t\t\t\t\t\t<\/div>\n\t\t\t\t\t<\/div>\n\t\t\t\t\t\t\t<\/div>\n\t\t<\/div>\n\t<\/div>\n<\/div><\/div><\/div><\/div><div class=\"vc_row-full-width vc_clearfix\"><\/div>\n<\/div>","protected":false},"excerpt":{"rendered":"Interculture GERMAN PRECISION. ITALIAN SPIRIT. \u00dcbersetzung ist nicht nur eine Frage der Worte: es geht darum, eine ganze Kultur verst\u00e4ndlich zu machen Zitat Anthony Burgess Federica Vicario Interculture r\u00fchrt von meiner Leidenschaft f\u00fcr Fremdsprachen und unterschiedliche Kulturen her. Geboren in einer kleinen Stadt im Piemont zwischen dem Lago Maggiore und dem Orta-See, tr\u00e4umte ich schon als Kind davon, Fremdsprachen sprechen zu k\u00f6nnen und die Alpen zu \u00fcberqueren, um neue L\u00e4nder kennenzulernen. Als ich das sprachliche Gymnasium besuchte, verliebte ich mich in die deutsche Sprache sowie in das Land und in seine Kultur. Nach zahlreichen Studienaufenthalten in Deutschland, zog ich 2008 nach M\u00fcnchen, wo ich aktuell mit meiner deutsch-italienischen Familie lebe und als freiberufliche Dolmetscherin und \u00dcbersetzerin t\u00e4tig bin. Ich \u00fcbe meine T\u00e4tigkeit mit gro\u00dfer Leidenschaft aus und bin davon \u00fcberzeugt, dass das Erfolgsgeheimnis in diesem Beruf die Vermittlung zwischen zwei Kulturen und nicht nur zwischen zwei Sprachen ist.","protected":false},"author":1,"featured_media":0,"parent":0,"menu_order":0,"comment_status":"closed","ping_status":"closed","template":"","meta":{"footnotes":""},"class_list":["post-5090","page","type-page","status-publish","hentry"],"yoast_head":"<!-- This site is optimized with the Yoast SEO plugin v27.4 - https:\/\/yoast.com\/product\/yoast-seo-wordpress\/ -->\n<title>Interculture | German precision, italian spirit<\/title>\n<meta name=\"description\" content=\"\u00dcbersetzung ist nicht nur eine Frage der Worte: es geht darum, eine ganze Kultur verst\u00e4ndlich zu machen - Zitat Anthony Burgess\" \/>\n<meta name=\"robots\" content=\"index, follow, max-snippet:-1, max-image-preview:large, max-video-preview:-1\" \/>\n<link rel=\"canonical\" href=\"https:\/\/www.interculture-web.com\/it\/\" \/>\n<meta property=\"og:locale\" content=\"it_IT\" \/>\n<meta property=\"og:type\" content=\"article\" \/>\n<meta property=\"og:title\" content=\"Interculture | German precision. Italian spirit.\" \/>\n<meta property=\"og:description\" content=\"\u00dcbersetzung ist nicht nur eine Frage der Worte: es geht darum, eine ganze Kultur verst\u00e4ndlich zu machen - Zitat Anthony Burgess\" \/>\n<meta property=\"og:url\" content=\"https:\/\/www.interculture-web.com\/it\/\" \/>\n<meta property=\"og:site_name\" content=\"Interculture\" \/>\n<meta property=\"article:modified_time\" content=\"2018-11-22T14:30:26+00:00\" \/>\n<meta property=\"og:image\" content=\"https:\/\/www.interculture-web.com\/wp-content\/uploads\/2018\/11\/interculture-web-facebook.jpg\" \/>\n\t<meta property=\"og:image:width\" content=\"1200\" \/>\n\t<meta property=\"og:image:height\" content=\"630\" \/>\n\t<meta property=\"og:image:type\" content=\"image\/jpeg\" \/>\n<meta name=\"twitter:card\" content=\"summary_large_image\" \/>\n<meta name=\"twitter:label1\" content=\"Tempo di lettura stimato\" \/>\n\t<meta name=\"twitter:data1\" content=\"2 minuti\" \/>\n<script type=\"application\/ld+json\" class=\"yoast-schema-graph\">{\"@context\":\"https:\\\/\\\/schema.org\",\"@graph\":[{\"@type\":\"WebPage\",\"@id\":\"https:\\\/\\\/www.interculture-web.com\\\/\",\"url\":\"https:\\\/\\\/www.interculture-web.com\\\/\",\"name\":\"Interculture | German precision, italian spirit\",\"isPartOf\":{\"@id\":\"https:\\\/\\\/www.interculture-web.com\\\/#website\"},\"datePublished\":\"2018-09-20T06:30:52+00:00\",\"dateModified\":\"2018-11-22T14:30:26+00:00\",\"description\":\"\u00dcbersetzung ist nicht nur eine Frage der Worte: es geht darum, eine ganze Kultur verst\u00e4ndlich zu machen - Zitat Anthony Burgess\",\"breadcrumb\":{\"@id\":\"https:\\\/\\\/www.interculture-web.com\\\/#breadcrumb\"},\"inLanguage\":\"it-IT\",\"potentialAction\":[{\"@type\":\"ReadAction\",\"target\":[\"https:\\\/\\\/www.interculture-web.com\\\/\"]}]},{\"@type\":\"BreadcrumbList\",\"@id\":\"https:\\\/\\\/www.interculture-web.com\\\/#breadcrumb\",\"itemListElement\":[{\"@type\":\"ListItem\",\"position\":1,\"name\":\"Home\",\"item\":\"https:\\\/\\\/www.interculture-web.com\\\/\"},{\"@type\":\"ListItem\",\"position\":2,\"name\":\"Home\"}]},{\"@type\":\"WebSite\",\"@id\":\"https:\\\/\\\/www.interculture-web.com\\\/#website\",\"url\":\"https:\\\/\\\/www.interculture-web.com\\\/\",\"name\":\"Interculture\",\"description\":\"German precision. Italian spirit.\",\"publisher\":{\"@id\":\"https:\\\/\\\/www.interculture-web.com\\\/#organization\"},\"potentialAction\":[{\"@type\":\"SearchAction\",\"target\":{\"@type\":\"EntryPoint\",\"urlTemplate\":\"https:\\\/\\\/www.interculture-web.com\\\/?s={search_term_string}\"},\"query-input\":{\"@type\":\"PropertyValueSpecification\",\"valueRequired\":true,\"valueName\":\"search_term_string\"}}],\"inLanguage\":\"it-IT\"},{\"@type\":\"Organization\",\"@id\":\"https:\\\/\\\/www.interculture-web.com\\\/#organization\",\"name\":\"Interculture\",\"url\":\"https:\\\/\\\/www.interculture-web.com\\\/\",\"logo\":{\"@type\":\"ImageObject\",\"inLanguage\":\"it-IT\",\"@id\":\"https:\\\/\\\/www.interculture-web.com\\\/#\\\/schema\\\/logo\\\/image\\\/\",\"url\":\"https:\\\/\\\/www.interculture-web.com\\\/wp-content\\\/uploads\\\/2017\\\/09\\\/interculture-logo.jpg\",\"contentUrl\":\"https:\\\/\\\/www.interculture-web.com\\\/wp-content\\\/uploads\\\/2017\\\/09\\\/interculture-logo.jpg\",\"width\":350,\"height\":109,\"caption\":\"Interculture\"},\"image\":{\"@id\":\"https:\\\/\\\/www.interculture-web.com\\\/#\\\/schema\\\/logo\\\/image\\\/\"},\"sameAs\":[\"https:\\\/\\\/www.linkedin.com\\\/in\\\/federica-vicario-44905a167\\\/\"]}]}<\/script>\n<!-- \/ Yoast SEO plugin. -->","yoast_head_json":{"title":"Interculture | German precision, italian spirit","description":"\u00dcbersetzung ist nicht nur eine Frage der Worte: es geht darum, eine ganze Kultur verst\u00e4ndlich zu machen - Zitat Anthony Burgess","robots":{"index":"index","follow":"follow","max-snippet":"max-snippet:-1","max-image-preview":"max-image-preview:large","max-video-preview":"max-video-preview:-1"},"canonical":"https:\/\/www.interculture-web.com\/it\/","og_locale":"it_IT","og_type":"article","og_title":"Interculture | German precision. Italian spirit.","og_description":"\u00dcbersetzung ist nicht nur eine Frage der Worte: es geht darum, eine ganze Kultur verst\u00e4ndlich zu machen - Zitat Anthony Burgess","og_url":"https:\/\/www.interculture-web.com\/it\/","og_site_name":"Interculture","article_modified_time":"2018-11-22T14:30:26+00:00","og_image":[{"width":1200,"height":630,"url":"https:\/\/www.interculture-web.com\/wp-content\/uploads\/2018\/11\/interculture-web-facebook.jpg","type":"image\/jpeg"}],"twitter_card":"summary_large_image","twitter_misc":{"Tempo di lettura stimato":"2 minuti"},"schema":{"@context":"https:\/\/schema.org","@graph":[{"@type":"WebPage","@id":"https:\/\/www.interculture-web.com\/","url":"https:\/\/www.interculture-web.com\/","name":"Interculture | German precision, italian spirit","isPartOf":{"@id":"https:\/\/www.interculture-web.com\/#website"},"datePublished":"2018-09-20T06:30:52+00:00","dateModified":"2018-11-22T14:30:26+00:00","description":"\u00dcbersetzung ist nicht nur eine Frage der Worte: es geht darum, eine ganze Kultur verst\u00e4ndlich zu machen - Zitat Anthony Burgess","breadcrumb":{"@id":"https:\/\/www.interculture-web.com\/#breadcrumb"},"inLanguage":"it-IT","potentialAction":[{"@type":"ReadAction","target":["https:\/\/www.interculture-web.com\/"]}]},{"@type":"BreadcrumbList","@id":"https:\/\/www.interculture-web.com\/#breadcrumb","itemListElement":[{"@type":"ListItem","position":1,"name":"Home","item":"https:\/\/www.interculture-web.com\/"},{"@type":"ListItem","position":2,"name":"Home"}]},{"@type":"WebSite","@id":"https:\/\/www.interculture-web.com\/#website","url":"https:\/\/www.interculture-web.com\/","name":"Interculture","description":"German precision. Italian spirit.","publisher":{"@id":"https:\/\/www.interculture-web.com\/#organization"},"potentialAction":[{"@type":"SearchAction","target":{"@type":"EntryPoint","urlTemplate":"https:\/\/www.interculture-web.com\/?s={search_term_string}"},"query-input":{"@type":"PropertyValueSpecification","valueRequired":true,"valueName":"search_term_string"}}],"inLanguage":"it-IT"},{"@type":"Organization","@id":"https:\/\/www.interculture-web.com\/#organization","name":"Interculture","url":"https:\/\/www.interculture-web.com\/","logo":{"@type":"ImageObject","inLanguage":"it-IT","@id":"https:\/\/www.interculture-web.com\/#\/schema\/logo\/image\/","url":"https:\/\/www.interculture-web.com\/wp-content\/uploads\/2017\/09\/interculture-logo.jpg","contentUrl":"https:\/\/www.interculture-web.com\/wp-content\/uploads\/2017\/09\/interculture-logo.jpg","width":350,"height":109,"caption":"Interculture"},"image":{"@id":"https:\/\/www.interculture-web.com\/#\/schema\/logo\/image\/"},"sameAs":["https:\/\/www.linkedin.com\/in\/federica-vicario-44905a167\/"]}]}},"_links":{"self":[{"href":"https:\/\/www.interculture-web.com\/it\/wp-json\/wp\/v2\/pages\/5090","targetHints":{"allow":["GET"]}}],"collection":[{"href":"https:\/\/www.interculture-web.com\/it\/wp-json\/wp\/v2\/pages"}],"about":[{"href":"https:\/\/www.interculture-web.com\/it\/wp-json\/wp\/v2\/types\/page"}],"author":[{"embeddable":true,"href":"https:\/\/www.interculture-web.com\/it\/wp-json\/wp\/v2\/users\/1"}],"replies":[{"embeddable":true,"href":"https:\/\/www.interculture-web.com\/it\/wp-json\/wp\/v2\/comments?post=5090"}],"version-history":[{"count":104,"href":"https:\/\/www.interculture-web.com\/it\/wp-json\/wp\/v2\/pages\/5090\/revisions"}],"predecessor-version":[{"id":7101,"href":"https:\/\/www.interculture-web.com\/it\/wp-json\/wp\/v2\/pages\/5090\/revisions\/7101"}],"wp:attachment":[{"href":"https:\/\/www.interculture-web.com\/it\/wp-json\/wp\/v2\/media?parent=5090"}],"curies":[{"name":"wp","href":"https:\/\/api.w.org\/{rel}","templated":true}]}}